{"id":57,"date":"2026-01-19T10:40:14","date_gmt":"2026-01-19T10:40:14","guid":{"rendered":"https:\/\/ispiraazione.noblogs.org\/?page_id=57"},"modified":"2026-01-21T12:11:30","modified_gmt":"2026-01-21T12:11:30","slug":"ispirare-lazione","status":"publish","type":"page","link":"https:\/\/ispiraazione.noblogs.org\/?page_id=57","title":{"rendered":"Ispirare l&#8217;azione&#8230;"},"content":{"rendered":"\n<p>Come potremmo sovvertire questo mondo se non agiamo per farlo? La lotta, quando \u00e8 diretta emanazione di una consapevolezza armata di idee e valori <em>divergenti<\/em>, ha il potere di far cadere la maschera che copre questo mondo ridotto a merce, scuotendo pi\u00f9 di mille parole le coscienze assopite dalle luci degli schermi e dal mantra del <em>produci-consuma-crepa<\/em>. A patto che ci sia qualcuno disposto a guardare <em>oltre<\/em>, distogliendo lo sguardo dalla routine accattivante del conformismo; che qualcuno sia disposto ad ascoltare le voci dell\u2019abisso che si levano contro la vita spogliata di senso e le devastazioni e le guerre che sono il motore dell\u2019eterna rincorsa alla <em>potenza<\/em> che caratterizzano il capitalismo e lo stato.<\/p>\n\n\n\n<p>L\u2019agire non \u00e8 mai privo di senso, perch\u00e9 rappresenta la ripresa tra le proprie mani di una vita espropriata, \u00e8 esperienza viva di liberazione, \u00e8 libert\u00e0 in atto.<\/p>\n\n\n\n<p>La lotta stessa \u00e8 azione, se non vuole ridursi a mera voce dissonante.<\/p>\n\n\n\n<p>L\u2019autorit\u00e0 ha mille facce e il dominio \u00e8 globale e pervasivo, non mancano gli obiettivi da colpire o le motivazioni per farlo. Ci\u00f2 che manca, forse, \u00e8 un progetto che conferisca senso ed entusiasmo, fiducia nelle proprie capacit\u00e0 e possibilit\u00e0 e la percezione di riuscire a superare i limiti dell\u2019<em>azione per l\u2019azione<\/em>&nbsp;sentendosi unite ad altre molteplici volont\u00e0 determinate a sconvolgere l\u2019ordine leviatanico che governa questo mondo.<\/p>\n\n\n\n<p>Questo blog nasce con l\u2019ambizioso proposito di stimolare le menti e armare le mani di chiunque, anarchiche, anarchici, ribelli di ogni risma, senta l\u2019insopprimibile bisogno di liberarsi dalle catene dell\u2019autorit\u00e0 e distruggere le gabbie mentali, virtuali e materiali del carcere a cielo aperto che chiamiamo societ\u00e0.<\/p>\n\n\n\n<p>Qui ci proponiamo di diffondere la conoscenza di ci\u00f2 che accade <em>anche<\/em> altrove, tradurre testi di rivendicazioni e notizie di azioni prese dai siti di controinformazione di tutto il mondo come contributo allo sviluppo dell\u2019immaginazione, di progetti di lotta che si pongano in continuit\u00e0 e dialogo con le prospettive di chi condivide una propensione all\u2019<em>azione diretta<\/em>. Uno sguardo <em>internazionale <\/em>insomma, che permetta di scorgere e tessere i sottili fili che collegano l\u2019agire anarchico aldil\u00e0 dei confini degli stati e delle coscienze.<\/p>\n\n\n\n<p>\u00c8 un contributo volto ad ampliare gli orizzonti di lotta, affinare le nostre competenze pratiche e conoscenza dei punti deboli del nemico, imparando dalle intuizioni altrui e diffondendo le idee che scorgiamo materializzarsi tra i densi fumi le scintille e le detonazioni, con la convinzione che le parole che accompagnano i gesti di rivolta&nbsp;aprano nuovi immaginari, permettendo di individuare bersagli, scoprire modalit\u00e0 di agire ed ispirare ad attaccare&nbsp;i molteplici volti di ci\u00f2 che opprime quotidianamente le nostre vite.<\/p>\n\n\n\n<p>Questo sito \u00e8 aperto a contributi, traduzioni e comunicati di chiunque lo reputi uno strumento utile: si pubblicher\u00e0 tutto ci\u00f2 che va nella direzione di promuovere l\u2019azione diretta antiautoritaria, compresi manuali per la diffusione di competenze pratiche e informatiche.<\/p>\n\n\n\n<p><strong>\u00c8 completamente anonimo e tale vuole rimanere, per la sicurezza di chi lo cura e di chi vi contribuisce, perci\u00f2 caldeggiamo l\u2019utilizzo di Tails, i sistemi di anonimizzazione come i servizi di TempMail e l\u2019uso di chiavette criptate per salvare materiale scaricato (consultare il <a href=\"https:\/\/ispiraazione.noblogs.org\/files\/2025\/12\/tails.pdf\">manuale<\/a> nella sezione dedicata). Vista la tendenza sempre pi\u00f9 diffusa delle polizie di ogni stato a reprimere la semplice parola nel timore che si trasformi in qualcos\u2019altro di ben pi\u00f9 pericoloso, crediamo sia importante affinare pratiche di sicurezza collettive per spezzare l\u2019illusione di un controllo infallibile a darci nuovo respiro.<\/strong><\/p>\n\n\n\n<p>Per comunicazioni dirette (e criptate) al blog \u00e8 disponibile un form di contatto in basso a sinistra, oppure \u00e8 possibile contattarci all\u2019indirizzo e-mail \u201cispira-azione[at]autistici.org\u201d (disponibile chiave PGP nella pagina &#8220;<a href=\"https:\/\/ispiraazione.noblogs.org\/?page_id=59\" data-type=\"page\" data-id=\"59\">Contatti<\/a>&#8220;).<\/p>\n\n\n\n<div class=\"wp-block-group\"><div class=\"wp-block-group__inner-container is-layout-constrained wp-block-group-is-layout-constrained\">\n<p><br><\/p>\n<\/div><\/div>\n","protected":false},"excerpt":{"rendered":"<p>Come potremmo sovvertire questo mondo se non agiamo per farlo? La lotta, quando \u00e8 diretta emanazione di una consapevolezza armata di idee e valori divergenti, ha il potere di far cadere la maschera che copre questo mondo ridotto a merce, scuotendo pi\u00f9 di mille parole le coscienze assopite dalle luci degli schermi e dal mantra &hellip; <a href=\"https:\/\/ispiraazione.noblogs.org\/?page_id=57\" class=\"more-link\">Continua la lettura di <span class=\"screen-reader-text\">Ispirare l&#8217;azione&#8230;<\/span> <span class=\"meta-nav\">&rarr;<\/span><\/a><\/p>\n","protected":false},"author":21010,"featured_media":0,"parent":0,"menu_order":0,"comment_status":"closed","ping_status":"closed","template":"","meta":{"footnotes":""},"class_list":["post-57","page","type-page","status-publish","hentry"],"_links":{"self":[{"href":"https:\/\/ispiraazione.noblogs.org\/index.php?rest_route=\/wp\/v2\/pages\/57","targetHints":{"allow":["GET"]}}],"collection":[{"href":"https:\/\/ispiraazione.noblogs.org\/index.php?rest_route=\/wp\/v2\/pages"}],"about":[{"href":"https:\/\/ispiraazione.noblogs.org\/index.php?rest_route=\/wp\/v2\/types\/page"}],"author":[{"embeddable":true,"href":"https:\/\/ispiraazione.noblogs.org\/index.php?rest_route=\/wp\/v2\/users\/21010"}],"replies":[{"embeddable":true,"href":"https:\/\/ispiraazione.noblogs.org\/index.php?rest_route=%2Fwp%2Fv2%2Fcomments&post=57"}],"version-history":[{"count":8,"href":"https:\/\/ispiraazione.noblogs.org\/index.php?rest_route=\/wp\/v2\/pages\/57\/revisions"}],"predecessor-version":[{"id":212,"href":"https:\/\/ispiraazione.noblogs.org\/index.php?rest_route=\/wp\/v2\/pages\/57\/revisions\/212"}],"wp:attachment":[{"href":"https:\/\/ispiraazione.noblogs.org\/index.php?rest_route=%2Fwp%2Fv2%2Fmedia&parent=57"}],"curies":[{"name":"wp","href":"https:\/\/api.w.org\/{rel}","templated":true}]}}